{"id":10,"date":"2022-12-22T22:54:19","date_gmt":"2022-12-22T21:54:19","guid":{"rendered":"https:\/\/www.synjenorland.com\/?page_id=10"},"modified":"2026-04-13T09:36:14","modified_gmt":"2026-04-13T07:36:14","slug":"impressum","status":"publish","type":"page","link":"https:\/\/www.synjenorland.com\/en\/impressum\/","title":{"rendered":"Impressum"},"content":{"rendered":"<h2 class=\"wp-block-heading\">Angaben gem\u00e4\u00df \u00a7 5 TMG<\/h2>\n\n\n\n<p>Norland Music GbR<br>Koogsreihe 7<br>25899 Galmsb\u00fcll<\/p>\n\n\n\n<p><strong>Vertreten durch:<\/strong><br>Cian Hughes &amp; Synje Norland<\/p>\n\n\n\n<h2 class=\"wp-block-heading\">Kontakt<\/h2>\n\n\n\n<p>Telefon: 04661\/6433<br>E-Mail: kontakt@synjenorland.com<\/p>\n\n\n\n<h2 class=\"wp-block-heading\">Haftung f\u00fcr Inhalte<\/h2>\n\n\n\n<p>Als Diensteanbieter sind wir gem\u00e4\u00df \u00a7 7 Abs.1 TMG f\u00fcr eigene Inhalte auf diesen Seiten nach den allgemeinen Gesetzen verantwortlich. Nach \u00a7\u00a7 8 bis 10 TMG sind wir als Diensteanbieter jedoch nicht verpflichtet, \u00fcbermittelte oder gespeicherte fremde Informationen zu \u00fcberwachen oder nach Umst\u00e4nden zu forschen, die auf eine rechtswidrige T\u00e4tigkeit hinweisen. Verpflichtungen zur Entfernung oder Sperrung der Nutzung von Informationen nach den allgemeinen Gesetzen bleiben hiervon unber\u00fchrt. Eine diesbez\u00fcgliche Haftung ist jedoch erst ab dem Zeitpunkt der Kenntnis einer konkreten Rechtsverletzung m\u00f6glich. Bei Bekanntwerden von entsprechenden Rechtsverletzungen werden wir diese Inhalte umgehend entfernen.<\/p>\n\n\n\n<h2 class=\"wp-block-heading\">Haftung f\u00fcr Links<\/h2>\n\n\n\n<p>Unser Angebot enth\u00e4lt Links zu externen Webseiten Dritter, auf deren Inhalte wir keinen Einfluss haben. Deshalb k\u00f6nnen wir f\u00fcr diese fremden Inhalte auch keine Gew\u00e4hr \u00fcbernehmen. F\u00fcr die Inhalte der verlinkten Seiten ist stets der jeweilige Anbieter oder Betreiber der Seiten verantwortlich. Die verlinkten Seiten wurden zum Zeitpunkt der Verlinkung auf m\u00f6gliche Rechtsverst\u00f6\u00dfe \u00fcberpr\u00fcft. Rechtswidrige Inhalte waren zum Zeitpunkt der Verlinkung nicht erkennbar. Eine permanente inhaltliche Kontrolle der verlinkten Seiten ist jedoch ohne konkrete Anhaltspunkte einer Rechtsverletzung nicht zumutbar. Bei Bekanntwerden von Rechtsverletzungen werden wir derartige Links umgehend entfernen.<\/p>\n\n\n\n<h2 class=\"wp-block-heading\">Urheberrecht<\/h2>\n\n\n\n<p>Die durch die Seitenbetreiber erstellten Inhalte und Werke auf diesen Seiten unterliegen dem deutschen Urheberrecht. Die Vervielf\u00e4ltigung, Bearbeitung, Verbreitung und jede Art der Verwertung au\u00dferhalb der Grenzen des Urheberrechtes bed\u00fcrfen der schriftlichen Zustimmung des jeweiligen Autors bzw. Erstellers. Downloads und Kopien dieser Seite sind nur f\u00fcr den privaten, nicht kommerziellen Gebrauch gestattet. Soweit die Inhalte auf dieser Seite nicht vom Betreiber erstellt wurden, werden die Urheberrechte Dritter beachtet. Insbesondere werden Inhalte Dritter als solche gekennzeichnet. Sollten Sie trotzdem auf eine Urheberrechtsverletzung aufmerksam werden, bitten wir um einen entsprechenden Hinweis. Bei Bekanntwerden von Rechtsverletzungen werden wir derartige Inhalte umgehend entfernen.<\/p>\n\n\n\n<h2 class=\"wp-block-heading\">Haftungshinweis<\/h2>\n\n\n\n<p>Einsatz von Facebook Social Plugins Diese Internetseite verwendet Social Plugins (&#8222;Plugins&#8220;) des sozialen Netzwerkes facebook.com, welches von der Facebook Inc., 1601 S. California Ave, Palo Alto, CA 94304, USA betrieben wird (Facebook&#8220;). Diese Plugins sind mit einem Facebook Logo oder dem Zusatz &#8222;Facebook Social Plugin&#8220; gekennzeichnet. Wenn Sie eine Webseite unseres Internetauftritts aufrufen, die ein solches Plugin enth\u00e4lt, baut Ihr Browser eine direkte Verbindung mit den Servern von Facebook auf. Der Inhalt des Plugins wird von Facebook direkt an Ihren Browser \u00fcbermittelt und von diesem in die Webseite eingebunden. Durch die Einbindung der Plugins erh\u00e4lt Facebook die Information, dass Sie die entsprechende Seite unseres Internetauftritts aufgerufen haben. Sind Sie bei Facebook eingeloggt kann Facebook den Besuch Ihrem Facebook-Konto zuordnen. Wenn Sie mit den Plugins interagieren, zum Beispiel den &#8222;Gef\u00e4llt mir&#8220;-Button bet\u00e4tigen oder einen Kommentar abgeben, wird die entsprechende Information von Ihrem Browser direkt an Facebook \u00fcbermittelt und dort gespeichert. Zweck und Umfang der Datenerhebung und die weitere Verarbeitung und Nutzung der Daten durch Facebook sowie Ihre diesbez\u00fcglichen Rechte und Einstellungsm\u00f6glichkeiten zum Schutz Ihrer Privatssph\u00e4re entnehmen Sie bitte den Datenschutzhinweisen von Facebook. Wenn Sie nicht m\u00f6chten, dass Facebook \u00fcber unseren Internetauftritt Daten \u00fcber Sie sammelt, m\u00fcssen Sie sich vor Ihrem Besuch unseres Internetauftritts bei Facebook ausloggen.<\/p>\n\n\n\n<h2 class=\"wp-block-heading\">EU-Streitschlichtung<\/h2>\n\n\n\n<p>Die Europ\u00e4ische Kommission stellt eine Plattform zur Online-Streitbeilegung (OS) bereit: <a href=\"https:\/\/ec.europa.eu\/consumers\/odr\/\" target=\"_blank\" rel=\"noreferrer noopener\">https:\/\/ec.europa.eu\/consumers\/odr\/<\/a>.<br>Unsere E-Mail-Adresse finden Sie oben im Impressum.<\/p>\n\n\n\n<h2 class=\"wp-block-heading\">Verbraucher\u00adstreit\u00adbeilegung\/Universal\u00adschlichtungs\u00adstelle<\/h2>\n\n\n\n<p>Wir sind nicht bereit oder verpflichtet, an Streitbeilegungsverfahren vor einer Verbraucherschlichtungsstelle teilzunehmen.<\/p>\n\n\n\n<p>Quelle: <a href=\"https:\/\/www.e-recht24.de\">e-recht24.de<\/a><\/p>\n\n\n<div class=\"woocommerce woocommerce-gzd woocommerce-gzd-complaints-shortcode\">\n\t\t\t<h3>Alternative Dispute Resolution in accordance with Art. 14 (1) ODR-VO and \u00a7 36 VSBG:<\/h3>\n\t\nZur Teilnahme an einem Streitbeilegungsverfahren vor einer Verbraucherschlichtungsstelle sind wir nicht verpflichtet und nicht bereit.<\/div>","protected":false},"excerpt":{"rendered":"<p>Angaben gem\u00e4\u00df \u00a7 5 TMG Norland Music GbRKoogsreihe 725899 Galmsb\u00fcll Vertreten durch:Cian Hughes &amp; Synje Norland Kontakt Telefon: 04661\/6433E-Mail: kontakt@synjenorland.com Haftung f\u00fcr Inhalte Als Diensteanbieter sind wir gem\u00e4\u00df \u00a7 7 Abs.1 TMG f\u00fcr eigene Inhalte auf diesen Seiten nach den&#8230;<\/p>","protected":false},"author":1,"featured_media":0,"parent":0,"menu_order":0,"comment_status":"closed","ping_status":"closed","template":"","meta":{"footnotes":""},"class_list":["post-10","page","type-page","status-publish","hentry"],"yoast_head":"<!-- This site is optimized with the Yoast SEO plugin v27.4 - https:\/\/yoast.com\/product\/yoast-seo-wordpress\/ -->\n<title>Impressum - Synje Norland<\/title>\n<meta name=\"robots\" content=\"noindex, nofollow\" \/>\n<meta property=\"og:locale\" content=\"en_US\" \/>\n<meta property=\"og:type\" content=\"article\" \/>\n<meta property=\"og:title\" content=\"Impressum - Synje Norland\" \/>\n<meta property=\"og:description\" content=\"Angaben gem\u00e4\u00df \u00a7 5 TMG Norland Music GbRKoogsreihe 725899 Galmsb\u00fcll Vertreten durch:Cian Hughes &amp; Synje Norland Kontakt Telefon: 04661\/6433E-Mail: kontakt@synjenorland.com Haftung f\u00fcr Inhalte Als Diensteanbieter sind wir gem\u00e4\u00df \u00a7 7 Abs.1 TMG f\u00fcr eigene Inhalte auf diesen Seiten nach den...\" \/>\n<meta property=\"og:url\" content=\"https:\/\/www.synjenorland.com\/en\/impressum\/\" \/>\n<meta property=\"og:site_name\" content=\"Synje Norland\" \/>\n<meta property=\"article:publisher\" content=\"https:\/\/www.facebook.com\/synjenorland\/\" \/>\n<meta property=\"article:modified_time\" content=\"2026-04-13T07:36:14+00:00\" \/>\n<meta name=\"twitter:card\" content=\"summary_large_image\" \/>\n<meta name=\"twitter:label1\" content=\"Est. reading time\" \/>\n\t<meta name=\"twitter:data1\" content=\"4 minutes\" \/>\n<script type=\"application\/ld+json\" class=\"yoast-schema-graph\">{\"@context\":\"https:\\\/\\\/schema.org\",\"@graph\":[{\"@type\":\"WebPage\",\"@id\":\"https:\\\/\\\/www.synjenorland.com\\\/impressum\\\/\",\"url\":\"https:\\\/\\\/www.synjenorland.com\\\/impressum\\\/\",\"name\":\"Impressum - Synje Norland\",\"isPartOf\":{\"@id\":\"https:\\\/\\\/www.synjenorland.com\\\/#website\"},\"datePublished\":\"2022-12-22T21:54:19+00:00\",\"dateModified\":\"2026-04-13T07:36:14+00:00\",\"breadcrumb\":{\"@id\":\"https:\\\/\\\/www.synjenorland.com\\\/impressum\\\/#breadcrumb\"},\"inLanguage\":\"en-US\",\"potentialAction\":[{\"@type\":\"ReadAction\",\"target\":[\"https:\\\/\\\/www.synjenorland.com\\\/impressum\\\/\"]}]},{\"@type\":\"BreadcrumbList\",\"@id\":\"https:\\\/\\\/www.synjenorland.com\\\/impressum\\\/#breadcrumb\",\"itemListElement\":[{\"@type\":\"ListItem\",\"position\":1,\"name\":\"Startseite\",\"item\":\"https:\\\/\\\/www.synjenorland.com\\\/\"},{\"@type\":\"ListItem\",\"position\":2,\"name\":\"Impressum\"}]},{\"@type\":\"WebSite\",\"@id\":\"https:\\\/\\\/www.synjenorland.com\\\/#website\",\"url\":\"https:\\\/\\\/www.synjenorland.com\\\/\",\"name\":\"Synje Norland\",\"description\":\"Synje Norland | Singer-Songwriter\",\"publisher\":{\"@id\":\"https:\\\/\\\/www.synjenorland.com\\\/#\\\/schema\\\/person\\\/72dea3a32f919f7dee18d0ddcdab6e26\"},\"potentialAction\":[{\"@type\":\"SearchAction\",\"target\":{\"@type\":\"EntryPoint\",\"urlTemplate\":\"https:\\\/\\\/www.synjenorland.com\\\/?s={search_term_string}\"},\"query-input\":{\"@type\":\"PropertyValueSpecification\",\"valueRequired\":true,\"valueName\":\"search_term_string\"}}],\"inLanguage\":\"en-US\"},{\"@type\":[\"Person\",\"Organization\"],\"@id\":\"https:\\\/\\\/www.synjenorland.com\\\/#\\\/schema\\\/person\\\/72dea3a32f919f7dee18d0ddcdab6e26\",\"name\":\"Synje Norland\",\"image\":{\"@type\":\"ImageObject\",\"inLanguage\":\"en-US\",\"@id\":\"https:\\\/\\\/secure.gravatar.com\\\/avatar\\\/6adc73af4918bdae4101c4c560261de2b72b75162a7ac281ab65762995a63475?s=96&d=mm&r=g\",\"url\":\"https:\\\/\\\/secure.gravatar.com\\\/avatar\\\/6adc73af4918bdae4101c4c560261de2b72b75162a7ac281ab65762995a63475?s=96&d=mm&r=g\",\"contentUrl\":\"https:\\\/\\\/secure.gravatar.com\\\/avatar\\\/6adc73af4918bdae4101c4c560261de2b72b75162a7ac281ab65762995a63475?s=96&d=mm&r=g\",\"caption\":\"Synje Norland\"},\"logo\":{\"@id\":\"https:\\\/\\\/secure.gravatar.com\\\/avatar\\\/6adc73af4918bdae4101c4c560261de2b72b75162a7ac281ab65762995a63475?s=96&d=mm&r=g\"},\"sameAs\":[\"https:\\\/\\\/www.synjenorland.com\",\"https:\\\/\\\/www.facebook.com\\\/synjenorland\\\/\",\"https:\\\/\\\/www.youtube.com\\\/@norlandmusic\",\"https:\\\/\\\/soundcloud.com\\\/synjenorland\",\"https:\\\/\\\/de.wikipedia.org\\\/wiki\\\/Synje_Norland\"]}]}<\/script>\n<!-- \/ Yoast SEO plugin. -->","yoast_head_json":{"title":"Impressum - Synje Norland","robots":{"index":"noindex","follow":"nofollow"},"og_locale":"en_US","og_type":"article","og_title":"Impressum - Synje Norland","og_description":"Angaben gem\u00e4\u00df \u00a7 5 TMG Norland Music GbRKoogsreihe 725899 Galmsb\u00fcll Vertreten durch:Cian Hughes &amp; Synje Norland Kontakt Telefon: 04661\/6433E-Mail: kontakt@synjenorland.com Haftung f\u00fcr Inhalte Als Diensteanbieter sind wir gem\u00e4\u00df \u00a7 7 Abs.1 TMG f\u00fcr eigene Inhalte auf diesen Seiten nach den...","og_url":"https:\/\/www.synjenorland.com\/en\/impressum\/","og_site_name":"Synje Norland","article_publisher":"https:\/\/www.facebook.com\/synjenorland\/","article_modified_time":"2026-04-13T07:36:14+00:00","twitter_card":"summary_large_image","twitter_misc":{"Est. reading time":"4 minutes"},"schema":{"@context":"https:\/\/schema.org","@graph":[{"@type":"WebPage","@id":"https:\/\/www.synjenorland.com\/impressum\/","url":"https:\/\/www.synjenorland.com\/impressum\/","name":"Impressum - Synje Norland","isPartOf":{"@id":"https:\/\/www.synjenorland.com\/#website"},"datePublished":"2022-12-22T21:54:19+00:00","dateModified":"2026-04-13T07:36:14+00:00","breadcrumb":{"@id":"https:\/\/www.synjenorland.com\/impressum\/#breadcrumb"},"inLanguage":"en-US","potentialAction":[{"@type":"ReadAction","target":["https:\/\/www.synjenorland.com\/impressum\/"]}]},{"@type":"BreadcrumbList","@id":"https:\/\/www.synjenorland.com\/impressum\/#breadcrumb","itemListElement":[{"@type":"ListItem","position":1,"name":"Startseite","item":"https:\/\/www.synjenorland.com\/"},{"@type":"ListItem","position":2,"name":"Impressum"}]},{"@type":"WebSite","@id":"https:\/\/www.synjenorland.com\/#website","url":"https:\/\/www.synjenorland.com\/","name":"Synje Norland","description":"Synje Norland | Singer-Songwriter","publisher":{"@id":"https:\/\/www.synjenorland.com\/#\/schema\/person\/72dea3a32f919f7dee18d0ddcdab6e26"},"potentialAction":[{"@type":"SearchAction","target":{"@type":"EntryPoint","urlTemplate":"https:\/\/www.synjenorland.com\/?s={search_term_string}"},"query-input":{"@type":"PropertyValueSpecification","valueRequired":true,"valueName":"search_term_string"}}],"inLanguage":"en-US"},{"@type":["Person","Organization"],"@id":"https:\/\/www.synjenorland.com\/#\/schema\/person\/72dea3a32f919f7dee18d0ddcdab6e26","name":"Synje Norland","image":{"@type":"ImageObject","inLanguage":"en-US","@id":"https:\/\/secure.gravatar.com\/avatar\/6adc73af4918bdae4101c4c560261de2b72b75162a7ac281ab65762995a63475?s=96&d=mm&r=g","url":"https:\/\/secure.gravatar.com\/avatar\/6adc73af4918bdae4101c4c560261de2b72b75162a7ac281ab65762995a63475?s=96&d=mm&r=g","contentUrl":"https:\/\/secure.gravatar.com\/avatar\/6adc73af4918bdae4101c4c560261de2b72b75162a7ac281ab65762995a63475?s=96&d=mm&r=g","caption":"Synje Norland"},"logo":{"@id":"https:\/\/secure.gravatar.com\/avatar\/6adc73af4918bdae4101c4c560261de2b72b75162a7ac281ab65762995a63475?s=96&d=mm&r=g"},"sameAs":["https:\/\/www.synjenorland.com","https:\/\/www.facebook.com\/synjenorland\/","https:\/\/www.youtube.com\/@norlandmusic","https:\/\/soundcloud.com\/synjenorland","https:\/\/de.wikipedia.org\/wiki\/Synje_Norland"]}]}},"_links":{"self":[{"href":"https:\/\/www.synjenorland.com\/en\/wp-json\/wp\/v2\/pages\/10","targetHints":{"allow":["GET"]}}],"collection":[{"href":"https:\/\/www.synjenorland.com\/en\/wp-json\/wp\/v2\/pages"}],"about":[{"href":"https:\/\/www.synjenorland.com\/en\/wp-json\/wp\/v2\/types\/page"}],"author":[{"embeddable":true,"href":"https:\/\/www.synjenorland.com\/en\/wp-json\/wp\/v2\/users\/1"}],"replies":[{"embeddable":true,"href":"https:\/\/www.synjenorland.com\/en\/wp-json\/wp\/v2\/comments?post=10"}],"version-history":[{"count":15,"href":"https:\/\/www.synjenorland.com\/en\/wp-json\/wp\/v2\/pages\/10\/revisions"}],"predecessor-version":[{"id":4286,"href":"https:\/\/www.synjenorland.com\/en\/wp-json\/wp\/v2\/pages\/10\/revisions\/4286"}],"wp:attachment":[{"href":"https:\/\/www.synjenorland.com\/en\/wp-json\/wp\/v2\/media?parent=10"}],"curies":[{"name":"wp","href":"https:\/\/api.w.org\/{rel}","templated":true}]}}