{"id":4156,"date":"2026-03-11T22:41:44","date_gmt":"2026-03-11T21:41:44","guid":{"rendered":"https:\/\/www.synjenorland.com\/?page_id=4156"},"modified":"2026-03-17T21:57:32","modified_gmt":"2026-03-17T20:57:32","slug":"songwriting-fuer-film-fernsehen-und-theater","status":"publish","type":"page","link":"https:\/\/www.synjenorland.com\/en\/songwriting-fuer-film-fernsehen-und-theater\/","title":{"rendered":"Songwriting f\u00fcr Film, Fernsehen und Theater"},"content":{"rendered":"<div class=\"wpb-content-wrapper\"><div class=\"vc_row wpb_row vc_row-fluid lc_swp_boxed force_boxed_width vc_row-o-content-top vc_row-flex\"><div class=\"wpb_column vc_column_container vc_col-sm-3\"><div class=\"vc_column-inner vc_custom_1672183459281\"><div class=\"wpb_wrapper\">\n\t<div  class=\"wpb_single_image wpb_content_element vc_align_center wpb_content_element\">\n\t\t\n\t\t<figure class=\"wpb_wrapper vc_figure\">\n\t\t\t<div class=\"vc_single_image-wrapper vc_box_circle  vc_box_border_grey\"><img fetchpriority=\"high\" decoding=\"async\" class=\"vc_single_image-img\" src=\"https:\/\/www.synjenorland.com\/wp-content\/uploads\/2022\/12\/Synje_Norland_Storm_01_1400x875-875x875.jpg\" width=\"875\" height=\"875\" alt=\"Synje Norland Storm\" title=\"Synje Norland Storm\" \/><\/div>\n\t\t<\/figure>\n\t<\/div>\n\n\t<div class=\"wpb_text_column wpb_content_element\" >\n\t\t<div class=\"wpb_wrapper\">\n\t\t\t<p>Foto: J\u00f6rg Petersen<\/p>\n\n\t\t<\/div>\n\t<\/div>\n<\/div><\/div><\/div><div class=\"wpb_column vc_column_container vc_col-sm-9\"><div class=\"vc_column-inner\"><div class=\"wpb_wrapper\">\n\t<div class=\"wpb_text_column wpb_content_element\" >\n\t\t<div class=\"wpb_wrapper\">\n\t\t\t<p class=\"p1\">Die meisten Geschichten wollen nicht nur erz\u00e4hlt werden \u2013 sie wollen erf\u00fchlt werden.<\/p>\n<p class=\"p1\">Genau f\u00fcr diese Momente, die zwischen den Zeilen stehen, und die sich durch Worte allein nicht fassen lassen erschaffe ich die passende musikalische Kulisse.<\/p>\n<p class=\"p1\">Ob f\u00fcr Film, Fernsehen oder Theater &#8211; ich liebe es, mich immer wieder in neue Welten hineinzudenken.<span class=\"Apple-converted-space\">\u00a0<\/span><\/p>\n<p class=\"p1\">Jede Geschichte hat ihren eigenen Klang, ihren eigenen Rhythmus, ihre eigene Sprache. Ich h\u00f6re zu, frage nach, tauche ein \u2013 und schreibe.<\/p>\n<p class=\"p1\">Dabei glaube ich fest daran, dass in jeder Idee ein Song steckt. Manchmal braucht es nur einen anderen Blickwinkel. Oder, wie man so sch\u00f6n sagt: Ich wei\u00df ziemlich gut, wie man aus Zitronen Limonade macht.<\/p>\n<p class=\"p1\">Wenn du einen Song suchst, der eine Geschichte tr\u00e4gt, eine Szene vertieft oder einem Projekt eine eigene Stimme gibt, dann schreib mich gerne an!<\/p>\n<p class=\"p1\"><b>Auftragsarbeiten &amp; Zusammenarbeit<\/b><\/p>\n<p class=\"p1\">Ich schreibe Songs f\u00fcr<\/p>\n<ul class=\"ul1\">\n<li class=\"li1\">Film und Fernsehen<\/li>\n<li class=\"li1\">Theaterproduktionen<\/li>\n<li class=\"li1\">besondere Projekte und Formate<\/li>\n<\/ul>\n<p class=\"p1\">Wenn du dir eine Zusammenarbeit oder ein Co-Writing vorstellen kannst, freue ich mich \u00fcber eine Nachricht.<\/p>\n\n\t\t<\/div>\n\t<\/div>\n<div class=\"vc_btn3-container  wpb_animate_when_almost_visible wpb_bounceIn bounceIn vc_btn3-center vc_do_btn\" ><a class=\"vc_general vc_btn3 vc_btn3-size-lg vc_btn3-shape-rounded vc_btn3-style-modern vc_btn3-color-primary\" href=\"https:\/\/www.synjenorland.com\/en\/kontakt-synje-norland\/\" title=\"\">Nachricht<\/a><\/div><div class=\"vc_separator wpb_content_element vc_separator_align_center vc_sep_width_100 vc_sep_pos_align_center vc_separator_no_text vc_sep_color_black wpb_content_element  wpb_content_element\" ><span class=\"vc_sep_holder vc_sep_holder_l\"><span class=\"vc_sep_line\"><\/span><\/span><span class=\"vc_sep_holder vc_sep_holder_r\"><span class=\"vc_sep_line\"><\/span><\/span>\n<\/div><\/div><\/div><\/div><\/div><div class=\"vc_row wpb_row vc_row-fluid\"><div class=\"wpb_column vc_column_container vc_col-sm-3\"><div class=\"vc_column-inner\"><div class=\"wpb_wrapper\">\t\r\n\t<div class=\"lc_vc_swp_section_title text_left\">\r\n\t\t\t\r\n\t\t\t<h2 class=\"swp_section_title\"><span class=\"lc_vibrant_color\">Referenzen<\/span><\/h2>\r\n\t\t\t\r\n\r\n\t\t\t\r\n\t\t\t<h4 class=\"section_subtitle\">(Auszug)<\/h4>\r\n\t\t\t\r\n\t<\/div>\r\n\t\r\n\t\n\t<div class=\"wpb_text_column wpb_content_element\" >\n\t\t<div class=\"wpb_wrapper\">\n\t\t\t<p data-start=\"1196\" data-end=\"1340\"><strong>Film &amp; Fernsehen<\/strong><\/p>\n<ul>\n<li>Mord mit Aussicht<\/li>\n<li>Liebe Mauer<\/li>\n<li>Rote Rosen \/ Telenovela<\/li>\n<li>Das Geheimnis der Wale<\/li>\n<li style=\"list-style-type: none;\"><\/li>\n<\/ul>\n<p>&nbsp;<\/p>\n<p><b>Hoftheater F\u00f6hr<\/b><\/p>\n<ul>\n<li>Heimkehr oder die letzte Sirene<\/li>\n<li>My Feer Lady<\/li>\n<\/ul>\n<p>&nbsp;<\/p>\n<p><b>Werbung<\/b><\/p>\n<ul>\n<li>Raffaello Schweiz<\/li>\n<\/ul>\n\n\t\t<\/div>\n\t<\/div>\n<\/div><\/div><\/div><div class=\"wpb_column vc_column_container vc_col-sm-9\"><div class=\"vc_column-inner\"><div class=\"wpb_wrapper\">\n<div class=\"vc_grid-container-wrapper vc_clearfix vc_grid-animation-zoomIn\">\n\t<div class=\"vc_grid-container vc_clearfix wpb_content_element vc_masonry_media_grid\" data-initial-loading-animation=\"zoomIn\" data-vc-grid-settings=\"{&quot;page_id&quot;:4156,&quot;style&quot;:&quot;all-masonry&quot;,&quot;action&quot;:&quot;vc_get_vc_grid_data&quot;,&quot;shortcode_id&quot;:&quot;1773780685220-8673e26a-f514-2&quot;,&quot;tag&quot;:&quot;vc_masonry_media_grid&quot;}\" data-vc-request=\"https:\/\/www.synjenorland.com\/wp-admin\/admin-ajax.php\" data-vc-post-id=\"4156\" data-vc-public-nonce=\"4f0c32ef05\">\n\t\t\n\t<\/div>\n<\/div><div class=\"vc_separator wpb_content_element vc_separator_align_center vc_sep_width_100 vc_sep_pos_align_center vc_separator_no_text vc_sep_color_black wpb_content_element  wpb_content_element\" ><span class=\"vc_sep_holder vc_sep_holder_l\"><span class=\"vc_sep_line\"><\/span><\/span><span class=\"vc_sep_holder vc_sep_holder_r\"><span class=\"vc_sep_line\"><\/span><\/span>\n<\/div><\/div><\/div><\/div><\/div><div class=\"vc_row wpb_row vc_row-fluid\"><div class=\"wpb_column vc_column_container vc_col-sm-3\"><div class=\"vc_column-inner\"><div class=\"wpb_wrapper\">\t\r\n\t<div class=\"lc_swp_boxed vc_video_container\">\r\n\t\t<div class=\"lc_embed_video_container_full\">\r\n\t\t\t\t\t\t\t\t<iframe src=\"https:\/\/www.youtube.com\/embed\/Xm3R3aragDA?autoplay=0&amp;wmode=transparent&amp;rel=0&amp;showinfo=0\" allowfullscreen><\/iframe>\r\n\t\t\t\t\t\t<\/div>\r\n\t<\/div>\r\n\t\r\n\t<\/div><\/div><\/div><div class=\"wpb_column vc_column_container vc_col-sm-3\"><div class=\"vc_column-inner\"><div class=\"wpb_wrapper\">\t\r\n\t<div class=\"lc_swp_boxed vc_video_container\">\r\n\t\t<div class=\"lc_embed_video_container_full\">\r\n\t\t\t\t\t\t\t\t<iframe src=\"https:\/\/www.youtube.com\/embed\/yZ9vVhWmGLU?autoplay=0&amp;wmode=transparent&amp;rel=0&amp;showinfo=0\" allowfullscreen><\/iframe>\r\n\t\t\t\t\t\t<\/div>\r\n\t<\/div>\r\n\t\r\n\t<\/div><\/div><\/div><div class=\"wpb_column vc_column_container vc_col-sm-3\"><div class=\"vc_column-inner\"><div class=\"wpb_wrapper\">\t\r\n\t<div class=\"lc_swp_boxed vc_video_container\">\r\n\t\t<div class=\"lc_embed_video_container_full\">\r\n\t\t\t\t\t\t\t\t<iframe src=\"https:\/\/www.youtube.com\/embed\/_9hpm2TaUA8?autoplay=0&amp;wmode=transparent&amp;rel=0&amp;showinfo=0\" allowfullscreen><\/iframe>\r\n\t\t\t\t\t\t<\/div>\r\n\t<\/div>\r\n\t\r\n\t<\/div><\/div><\/div><div class=\"wpb_column vc_column_container vc_col-sm-3\"><div class=\"vc_column-inner\"><div class=\"wpb_wrapper\">\t\r\n\t<div class=\"lc_swp_boxed vc_video_container\">\r\n\t\t<div class=\"lc_embed_video_container_full\">\r\n\t\t\t\t\t\t\t\t<iframe src=\"https:\/\/www.youtube.com\/embed\/SEeftwG3HkU?autoplay=0&amp;wmode=transparent&amp;rel=0&amp;showinfo=0\" allowfullscreen><\/iframe>\r\n\t\t\t\t\t\t<\/div>\r\n\t<\/div>\r\n\t\r\n\t<\/div><\/div><\/div><\/div>\n<\/div>","protected":false},"excerpt":{"rendered":"Foto: J\u00f6rg Petersen Die meisten Geschichten wollen nicht nur erz\u00e4hlt werden \u2013 sie wollen erf\u00fchlt werden. Genau f\u00fcr diese Momente, die zwischen den Zeilen stehen, und die sich durch Worte allein nicht fassen lassen erschaffe ich die passende musikalische Kulisse....","protected":false},"author":1,"featured_media":2992,"parent":0,"menu_order":0,"comment_status":"closed","ping_status":"closed","template":"","meta":{"footnotes":""},"class_list":["post-4156","page","type-page","status-publish","has-post-thumbnail","hentry"],"yoast_head":"<!-- This site is optimized with the Yoast SEO plugin v27.4 - https:\/\/yoast.com\/product\/yoast-seo-wordpress\/ -->\n<title>Songwriting f\u00fcr Film, Fernsehen und Theater - Synje Norland<\/title>\n<meta name=\"description\" content=\"Als ausgebildete S\u00e4ngerin mit langj\u00e4hriger Erfahrung bringe ich genau das in jede Produktion, jede Live-Performance und jeden besonderen Moment ein.\" \/>\n<meta name=\"robots\" content=\"index, follow, max-snippet:-1, max-image-preview:large, max-video-preview:-1\" \/>\n<link rel=\"canonical\" href=\"https:\/\/www.synjenorland.com\/en\/songwriting-fuer-film-fernsehen-und-theater\/\" \/>\n<meta property=\"og:locale\" content=\"en_US\" \/>\n<meta property=\"og:type\" content=\"article\" \/>\n<meta property=\"og:title\" content=\"Songwriting f\u00fcr Film, Fernsehen und Theater - Synje Norland\" \/>\n<meta property=\"og:description\" content=\"Als ausgebildete S\u00e4ngerin mit langj\u00e4hriger Erfahrung bringe ich genau das in jede Produktion, jede Live-Performance und jeden besonderen Moment ein.\" \/>\n<meta property=\"og:url\" content=\"https:\/\/www.synjenorland.com\/en\/songwriting-fuer-film-fernsehen-und-theater\/\" \/>\n<meta property=\"og:site_name\" content=\"Synje Norland\" \/>\n<meta property=\"article:publisher\" content=\"https:\/\/www.facebook.com\/synjenorland\/\" \/>\n<meta property=\"article:modified_time\" content=\"2026-03-17T20:57:32+00:00\" \/>\n<meta property=\"og:image\" content=\"https:\/\/www.synjenorland.com\/wp-content\/uploads\/2018\/10\/Notizbuch_SW_klein.jpg\" \/>\n\t<meta property=\"og:image:width\" content=\"886\" \/>\n\t<meta property=\"og:image:height\" content=\"886\" \/>\n\t<meta property=\"og:image:type\" content=\"image\/jpeg\" \/>\n<meta name=\"twitter:card\" content=\"summary_large_image\" \/>\n<meta name=\"twitter:label1\" content=\"Est. reading time\" \/>\n\t<meta name=\"twitter:data1\" content=\"2 minutes\" \/>\n<script type=\"application\/ld+json\" class=\"yoast-schema-graph\">{\"@context\":\"https:\\\/\\\/schema.org\",\"@graph\":[{\"@type\":\"WebPage\",\"@id\":\"https:\\\/\\\/www.synjenorland.com\\\/songwriting-fuer-film-fernsehen-und-theater\\\/\",\"url\":\"https:\\\/\\\/www.synjenorland.com\\\/songwriting-fuer-film-fernsehen-und-theater\\\/\",\"name\":\"Songwriting f\u00fcr Film, Fernsehen und Theater - Synje Norland\",\"isPartOf\":{\"@id\":\"https:\\\/\\\/www.synjenorland.com\\\/#website\"},\"primaryImageOfPage\":{\"@id\":\"https:\\\/\\\/www.synjenorland.com\\\/songwriting-fuer-film-fernsehen-und-theater\\\/#primaryimage\"},\"image\":{\"@id\":\"https:\\\/\\\/www.synjenorland.com\\\/songwriting-fuer-film-fernsehen-und-theater\\\/#primaryimage\"},\"thumbnailUrl\":\"https:\\\/\\\/www.synjenorland.com\\\/wp-content\\\/uploads\\\/2018\\\/10\\\/Notizbuch_SW_klein.jpg\",\"datePublished\":\"2026-03-11T21:41:44+00:00\",\"dateModified\":\"2026-03-17T20:57:32+00:00\",\"description\":\"Als ausgebildete S\u00e4ngerin mit langj\u00e4hriger Erfahrung bringe ich genau das in jede Produktion, jede Live-Performance und jeden besonderen Moment ein.\",\"breadcrumb\":{\"@id\":\"https:\\\/\\\/www.synjenorland.com\\\/songwriting-fuer-film-fernsehen-und-theater\\\/#breadcrumb\"},\"inLanguage\":\"en-US\",\"potentialAction\":[{\"@type\":\"ReadAction\",\"target\":[\"https:\\\/\\\/www.synjenorland.com\\\/songwriting-fuer-film-fernsehen-und-theater\\\/\"]}]},{\"@type\":\"ImageObject\",\"inLanguage\":\"en-US\",\"@id\":\"https:\\\/\\\/www.synjenorland.com\\\/songwriting-fuer-film-fernsehen-und-theater\\\/#primaryimage\",\"url\":\"https:\\\/\\\/www.synjenorland.com\\\/wp-content\\\/uploads\\\/2018\\\/10\\\/Notizbuch_SW_klein.jpg\",\"contentUrl\":\"https:\\\/\\\/www.synjenorland.com\\\/wp-content\\\/uploads\\\/2018\\\/10\\\/Notizbuch_SW_klein.jpg\",\"width\":886,\"height\":886,\"caption\":\"Notizbuch\"},{\"@type\":\"BreadcrumbList\",\"@id\":\"https:\\\/\\\/www.synjenorland.com\\\/songwriting-fuer-film-fernsehen-und-theater\\\/#breadcrumb\",\"itemListElement\":[{\"@type\":\"ListItem\",\"position\":1,\"name\":\"Startseite\",\"item\":\"https:\\\/\\\/www.synjenorland.com\\\/\"},{\"@type\":\"ListItem\",\"position\":2,\"name\":\"Songwriting f\u00fcr Film, Fernsehen und Theater\"}]},{\"@type\":\"WebSite\",\"@id\":\"https:\\\/\\\/www.synjenorland.com\\\/#website\",\"url\":\"https:\\\/\\\/www.synjenorland.com\\\/\",\"name\":\"Synje Norland\",\"description\":\"Synje Norland | Singer-Songwriter\",\"publisher\":{\"@id\":\"https:\\\/\\\/www.synjenorland.com\\\/#\\\/schema\\\/person\\\/72dea3a32f919f7dee18d0ddcdab6e26\"},\"potentialAction\":[{\"@type\":\"SearchAction\",\"target\":{\"@type\":\"EntryPoint\",\"urlTemplate\":\"https:\\\/\\\/www.synjenorland.com\\\/?s={search_term_string}\"},\"query-input\":{\"@type\":\"PropertyValueSpecification\",\"valueRequired\":true,\"valueName\":\"search_term_string\"}}],\"inLanguage\":\"en-US\"},{\"@type\":[\"Person\",\"Organization\"],\"@id\":\"https:\\\/\\\/www.synjenorland.com\\\/#\\\/schema\\\/person\\\/72dea3a32f919f7dee18d0ddcdab6e26\",\"name\":\"Synje Norland\",\"image\":{\"@type\":\"ImageObject\",\"inLanguage\":\"en-US\",\"@id\":\"https:\\\/\\\/secure.gravatar.com\\\/avatar\\\/6adc73af4918bdae4101c4c560261de2b72b75162a7ac281ab65762995a63475?s=96&d=mm&r=g\",\"url\":\"https:\\\/\\\/secure.gravatar.com\\\/avatar\\\/6adc73af4918bdae4101c4c560261de2b72b75162a7ac281ab65762995a63475?s=96&d=mm&r=g\",\"contentUrl\":\"https:\\\/\\\/secure.gravatar.com\\\/avatar\\\/6adc73af4918bdae4101c4c560261de2b72b75162a7ac281ab65762995a63475?s=96&d=mm&r=g\",\"caption\":\"Synje Norland\"},\"logo\":{\"@id\":\"https:\\\/\\\/secure.gravatar.com\\\/avatar\\\/6adc73af4918bdae4101c4c560261de2b72b75162a7ac281ab65762995a63475?s=96&d=mm&r=g\"},\"sameAs\":[\"https:\\\/\\\/www.synjenorland.com\",\"https:\\\/\\\/www.facebook.com\\\/synjenorland\\\/\",\"https:\\\/\\\/www.youtube.com\\\/@norlandmusic\",\"https:\\\/\\\/soundcloud.com\\\/synjenorland\",\"https:\\\/\\\/de.wikipedia.org\\\/wiki\\\/Synje_Norland\"]}]}<\/script>\n<!-- \/ Yoast SEO plugin. -->","yoast_head_json":{"title":"Songwriting f\u00fcr Film, Fernsehen und Theater - Synje Norland","description":"Als ausgebildete S\u00e4ngerin mit langj\u00e4hriger Erfahrung bringe ich genau das in jede Produktion, jede Live-Performance und jeden besonderen Moment ein.","robots":{"index":"index","follow":"follow","max-snippet":"max-snippet:-1","max-image-preview":"max-image-preview:large","max-video-preview":"max-video-preview:-1"},"canonical":"https:\/\/www.synjenorland.com\/en\/songwriting-fuer-film-fernsehen-und-theater\/","og_locale":"en_US","og_type":"article","og_title":"Songwriting f\u00fcr Film, Fernsehen und Theater - Synje Norland","og_description":"Als ausgebildete S\u00e4ngerin mit langj\u00e4hriger Erfahrung bringe ich genau das in jede Produktion, jede Live-Performance und jeden besonderen Moment ein.","og_url":"https:\/\/www.synjenorland.com\/en\/songwriting-fuer-film-fernsehen-und-theater\/","og_site_name":"Synje Norland","article_publisher":"https:\/\/www.facebook.com\/synjenorland\/","article_modified_time":"2026-03-17T20:57:32+00:00","og_image":[{"width":886,"height":886,"url":"https:\/\/www.synjenorland.com\/wp-content\/uploads\/2018\/10\/Notizbuch_SW_klein.jpg","type":"image\/jpeg"}],"twitter_card":"summary_large_image","twitter_misc":{"Est. reading time":"2 minutes"},"schema":{"@context":"https:\/\/schema.org","@graph":[{"@type":"WebPage","@id":"https:\/\/www.synjenorland.com\/songwriting-fuer-film-fernsehen-und-theater\/","url":"https:\/\/www.synjenorland.com\/songwriting-fuer-film-fernsehen-und-theater\/","name":"Songwriting f\u00fcr Film, Fernsehen und Theater - Synje Norland","isPartOf":{"@id":"https:\/\/www.synjenorland.com\/#website"},"primaryImageOfPage":{"@id":"https:\/\/www.synjenorland.com\/songwriting-fuer-film-fernsehen-und-theater\/#primaryimage"},"image":{"@id":"https:\/\/www.synjenorland.com\/songwriting-fuer-film-fernsehen-und-theater\/#primaryimage"},"thumbnailUrl":"https:\/\/www.synjenorland.com\/wp-content\/uploads\/2018\/10\/Notizbuch_SW_klein.jpg","datePublished":"2026-03-11T21:41:44+00:00","dateModified":"2026-03-17T20:57:32+00:00","description":"Als ausgebildete S\u00e4ngerin mit langj\u00e4hriger Erfahrung bringe ich genau das in jede Produktion, jede Live-Performance und jeden besonderen Moment ein.","breadcrumb":{"@id":"https:\/\/www.synjenorland.com\/songwriting-fuer-film-fernsehen-und-theater\/#breadcrumb"},"inLanguage":"en-US","potentialAction":[{"@type":"ReadAction","target":["https:\/\/www.synjenorland.com\/songwriting-fuer-film-fernsehen-und-theater\/"]}]},{"@type":"ImageObject","inLanguage":"en-US","@id":"https:\/\/www.synjenorland.com\/songwriting-fuer-film-fernsehen-und-theater\/#primaryimage","url":"https:\/\/www.synjenorland.com\/wp-content\/uploads\/2018\/10\/Notizbuch_SW_klein.jpg","contentUrl":"https:\/\/www.synjenorland.com\/wp-content\/uploads\/2018\/10\/Notizbuch_SW_klein.jpg","width":886,"height":886,"caption":"Notizbuch"},{"@type":"BreadcrumbList","@id":"https:\/\/www.synjenorland.com\/songwriting-fuer-film-fernsehen-und-theater\/#breadcrumb","itemListElement":[{"@type":"ListItem","position":1,"name":"Startseite","item":"https:\/\/www.synjenorland.com\/"},{"@type":"ListItem","position":2,"name":"Songwriting f\u00fcr Film, Fernsehen und Theater"}]},{"@type":"WebSite","@id":"https:\/\/www.synjenorland.com\/#website","url":"https:\/\/www.synjenorland.com\/","name":"Synje Norland","description":"Synje Norland | Singer-Songwriter","publisher":{"@id":"https:\/\/www.synjenorland.com\/#\/schema\/person\/72dea3a32f919f7dee18d0ddcdab6e26"},"potentialAction":[{"@type":"SearchAction","target":{"@type":"EntryPoint","urlTemplate":"https:\/\/www.synjenorland.com\/?s={search_term_string}"},"query-input":{"@type":"PropertyValueSpecification","valueRequired":true,"valueName":"search_term_string"}}],"inLanguage":"en-US"},{"@type":["Person","Organization"],"@id":"https:\/\/www.synjenorland.com\/#\/schema\/person\/72dea3a32f919f7dee18d0ddcdab6e26","name":"Synje Norland","image":{"@type":"ImageObject","inLanguage":"en-US","@id":"https:\/\/secure.gravatar.com\/avatar\/6adc73af4918bdae4101c4c560261de2b72b75162a7ac281ab65762995a63475?s=96&d=mm&r=g","url":"https:\/\/secure.gravatar.com\/avatar\/6adc73af4918bdae4101c4c560261de2b72b75162a7ac281ab65762995a63475?s=96&d=mm&r=g","contentUrl":"https:\/\/secure.gravatar.com\/avatar\/6adc73af4918bdae4101c4c560261de2b72b75162a7ac281ab65762995a63475?s=96&d=mm&r=g","caption":"Synje Norland"},"logo":{"@id":"https:\/\/secure.gravatar.com\/avatar\/6adc73af4918bdae4101c4c560261de2b72b75162a7ac281ab65762995a63475?s=96&d=mm&r=g"},"sameAs":["https:\/\/www.synjenorland.com","https:\/\/www.facebook.com\/synjenorland\/","https:\/\/www.youtube.com\/@norlandmusic","https:\/\/soundcloud.com\/synjenorland","https:\/\/de.wikipedia.org\/wiki\/Synje_Norland"]}]}},"_links":{"self":[{"href":"https:\/\/www.synjenorland.com\/en\/wp-json\/wp\/v2\/pages\/4156","targetHints":{"allow":["GET"]}}],"collection":[{"href":"https:\/\/www.synjenorland.com\/en\/wp-json\/wp\/v2\/pages"}],"about":[{"href":"https:\/\/www.synjenorland.com\/en\/wp-json\/wp\/v2\/types\/page"}],"author":[{"embeddable":true,"href":"https:\/\/www.synjenorland.com\/en\/wp-json\/wp\/v2\/users\/1"}],"replies":[{"embeddable":true,"href":"https:\/\/www.synjenorland.com\/en\/wp-json\/wp\/v2\/comments?post=4156"}],"version-history":[{"count":11,"href":"https:\/\/www.synjenorland.com\/en\/wp-json\/wp\/v2\/pages\/4156\/revisions"}],"predecessor-version":[{"id":4250,"href":"https:\/\/www.synjenorland.com\/en\/wp-json\/wp\/v2\/pages\/4156\/revisions\/4250"}],"wp:featuredmedia":[{"embeddable":true,"href":"https:\/\/www.synjenorland.com\/en\/wp-json\/wp\/v2\/media\/2992"}],"wp:attachment":[{"href":"https:\/\/www.synjenorland.com\/en\/wp-json\/wp\/v2\/media?parent=4156"}],"curies":[{"name":"wp","href":"https:\/\/api.w.org\/{rel}","templated":true}]}}