{"id":4260,"date":"2026-04-12T22:21:33","date_gmt":"2026-04-12T20:21:33","guid":{"rendered":"https:\/\/www.synjenorland.com\/?page_id=4260"},"modified":"2026-04-12T22:22:14","modified_gmt":"2026-04-12T20:22:14","slug":"theatermusik","status":"publish","type":"page","link":"https:\/\/www.synjenorland.com\/en\/theatermusik\/","title":{"rendered":"Theatermusik"},"content":{"rendered":"<div class=\"wpb-content-wrapper\"><div class=\"vc_row wpb_row vc_row-fluid\"><div class=\"wpb_column vc_column_container vc_col-sm-3\"><div class=\"vc_column-inner\"><div class=\"wpb_wrapper\"><div class=\"vc_empty_space\"   style=\"height: 32px\"><span class=\"vc_empty_space_inner\"><\/span><\/div>\n\t<div  class=\"wpb_single_image wpb_content_element vc_align_left wpb_content_element\">\n\t\t\n\t\t<figure class=\"wpb_wrapper vc_figure\">\n\t\t\t<div class=\"vc_single_image-wrapper   vc_box_border_grey\"><img fetchpriority=\"high\" decoding=\"async\" width=\"300\" height=\"300\" src=\"https:\/\/www.synjenorland.com\/wp-content\/uploads\/2026\/03\/HeimkehrThumb-300x300.jpg\" class=\"vc_single_image-img attachment-medium\" alt=\"\" title=\"Heimkehr - oder die letzte Sirene\" srcset=\"https:\/\/www.synjenorland.com\/wp-content\/uploads\/2026\/03\/HeimkehrThumb-300x300.jpg 300w, https:\/\/www.synjenorland.com\/wp-content\/uploads\/2026\/03\/HeimkehrThumb-150x150.jpg 150w, https:\/\/www.synjenorland.com\/wp-content\/uploads\/2026\/03\/HeimkehrThumb-768x767.jpg 768w, https:\/\/www.synjenorland.com\/wp-content\/uploads\/2026\/03\/HeimkehrThumb-12x12.jpg 12w, https:\/\/www.synjenorland.com\/wp-content\/uploads\/2026\/03\/HeimkehrThumb-600x599.jpg 600w, https:\/\/www.synjenorland.com\/wp-content\/uploads\/2026\/03\/HeimkehrThumb-100x100.jpg 100w, https:\/\/www.synjenorland.com\/wp-content\/uploads\/2026\/03\/HeimkehrThumb.jpg 1024w\" sizes=\"(max-width: 300px) 100vw, 300px\" \/><\/div>\n\t\t<\/figure>\n\t<\/div>\n\n\t<div  class=\"wpb_single_image wpb_content_element vc_align_left wpb_content_element\">\n\t\t\n\t\t<figure class=\"wpb_wrapper vc_figure\">\n\t\t\t<div class=\"vc_single_image-wrapper   vc_box_border_grey\"><img decoding=\"async\" width=\"300\" height=\"291\" src=\"https:\/\/www.synjenorland.com\/wp-content\/uploads\/2026\/03\/MyFeerLadyThumb-300x291.jpg\" class=\"vc_single_image-img attachment-medium\" alt=\"\" title=\"Screenshot\" srcset=\"https:\/\/www.synjenorland.com\/wp-content\/uploads\/2026\/03\/MyFeerLadyThumb-300x291.jpg 300w, https:\/\/www.synjenorland.com\/wp-content\/uploads\/2026\/03\/MyFeerLadyThumb-1024x995.jpg 1024w, https:\/\/www.synjenorland.com\/wp-content\/uploads\/2026\/03\/MyFeerLadyThumb-768x746.jpg 768w, https:\/\/www.synjenorland.com\/wp-content\/uploads\/2026\/03\/MyFeerLadyThumb-12x12.jpg 12w, https:\/\/www.synjenorland.com\/wp-content\/uploads\/2026\/03\/MyFeerLadyThumb-600x583.jpg 600w, https:\/\/www.synjenorland.com\/wp-content\/uploads\/2026\/03\/MyFeerLadyThumb.jpg 1044w\" sizes=\"(max-width: 300px) 100vw, 300px\" \/><\/div>\n\t\t<\/figure>\n\t<\/div>\n<\/div><\/div><\/div><div class=\"wpb_column vc_column_container vc_col-sm-9\"><div class=\"vc_column-inner\"><div class=\"wpb_wrapper\"><div class=\"vc_empty_space\"   style=\"height: 32px\"><span class=\"vc_empty_space_inner\"><\/span><\/div>\n\t<div class=\"wpb_text_column wpb_content_element\" >\n\t\t<div class=\"wpb_wrapper\">\n\t\t\t<p>Als Komponistin und musikalische Leiterin begleite ich Produktionen von der ersten Melodie bis zur Auff\u00fchrung \u2013 und stehe dabei manchmal selbst mit auf der B\u00fchne, als S\u00e4ngerin und Schauspielerin.<\/p>\n<p>Meine Arbeit f\u00fcr das <a href=\"https:\/\/hoftheater-foehr.de\/impressionen\/\">Hoftheater F\u00f6hr<\/a> begann 2024 mit \u201eHeimkehr oder die letzte Sirene&#8220;, einer Inszenierung von Nicolas Dabelstein, die sich mit Vaterschaft, Schuld und Herkunft auseinandersetzt \u2013 nach Motiven von Theodor Storm. Es folgte \u201eMy Feer Lady&#8220; \u2013 eine F\u00f6hrer Neuerz\u00e4hlung des Musicalklassikers mit ganz neuen Songs, auf Deutsch und Fering-Friesisch. Aktuell entsteht die Musik zur Inszenierung \u201eDas Geheimnis der Mary Celeste&#8220;.<\/p>\n<p>Ich liebe die musikalische Vielfalt und finde mich in den unterschiedlichsten Kontexten zurecht \u2013 ob kammermusikalisch, volksnah oder irgendwo dazwischen. Besonders reizt mich die Arbeit unter echten Bedingungen: mit dem, was da ist, dem Ensemble, dem Raum, der Geschichte. Aus Einschr\u00e4nkungen entstehen bei mir keine Kompromisse, sondern musikalische Gl\u00fccksmomente.<\/p>\n\n\t\t<\/div>\n\t<\/div>\n<\/div><\/div><\/div><\/div><div class=\"vc_row wpb_row vc_row-fluid\"><div class=\"wpb_column vc_column_container vc_col-sm-3\"><div class=\"vc_column-inner\"><div class=\"wpb_wrapper\">\t\r\n\t<div class=\"lc_swp_boxed vc_video_container\">\r\n\t\t<div class=\"lc_embed_video_container_full\">\r\n\t\t\t\t\t\t\t\t<iframe src=\"https:\/\/www.youtube.com\/embed\/_9hpm2TaUA8?autoplay=0&amp;wmode=transparent&amp;rel=0&amp;showinfo=0\" allowfullscreen><\/iframe>\r\n\t\t\t\t\t\t<\/div>\r\n\t<\/div>\r\n\t\r\n\t<\/div><\/div><\/div><div class=\"wpb_column vc_column_container vc_col-sm-3\"><div class=\"vc_column-inner\"><div class=\"wpb_wrapper\">\t\r\n\t<div class=\"lc_swp_boxed vc_video_container\">\r\n\t\t<div class=\"lc_embed_video_container_full\">\r\n\t\t\t\t\t\t\t\t<iframe src=\"https:\/\/www.youtube.com\/embed\/yZ9vVhWmGLU?autoplay=0&amp;wmode=transparent&amp;rel=0&amp;showinfo=0\" allowfullscreen><\/iframe>\r\n\t\t\t\t\t\t<\/div>\r\n\t<\/div>\r\n\t\r\n\t<\/div><\/div><\/div><div class=\"wpb_column vc_column_container vc_col-sm-3\"><div class=\"vc_column-inner\"><div class=\"wpb_wrapper\">\t\r\n\t<div class=\"lc_swp_boxed vc_video_container\">\r\n\t\t<div class=\"lc_embed_video_container_full\">\r\n\t\t\t\t\t\t\t\t<iframe src=\"https:\/\/www.youtube.com\/embed\/9xApMu2jYCQ?autoplay=0&amp;wmode=transparent&amp;rel=0&amp;showinfo=0\" allowfullscreen><\/iframe>\r\n\t\t\t\t\t\t<\/div>\r\n\t<\/div>\r\n\t\r\n\t<\/div><\/div><\/div><div class=\"wpb_column vc_column_container vc_col-sm-3\"><div class=\"vc_column-inner\"><div class=\"wpb_wrapper\">\t\r\n\t<div class=\"lc_swp_boxed vc_video_container\">\r\n\t\t<div class=\"lc_embed_video_container_full\">\r\n\t\t\t\t\t\t\t\t<iframe src=\"https:\/\/www.youtube.com\/embed\/9xApMu2jYCQ?autoplay=0&amp;wmode=transparent&amp;rel=0&amp;showinfo=0\" allowfullscreen><\/iframe>\r\n\t\t\t\t\t\t<\/div>\r\n\t<\/div>\r\n\t\r\n\t<\/div><\/div><\/div><\/div>\n<\/div>","protected":false},"excerpt":{"rendered":"Als Komponistin und musikalische Leiterin begleite ich Produktionen von der ersten Melodie bis zur Auff\u00fchrung \u2013 und stehe dabei manchmal selbst mit auf der B\u00fchne, als S\u00e4ngerin und Schauspielerin. Meine Arbeit f\u00fcr das Hoftheater F\u00f6hr begann 2024 mit \u201eHeimkehr oder...","protected":false},"author":1,"featured_media":0,"parent":0,"menu_order":0,"comment_status":"closed","ping_status":"closed","template":"","meta":{"footnotes":""},"class_list":["post-4260","page","type-page","status-publish","hentry"],"yoast_head":"<!-- This site is optimized with the Yoast SEO plugin v27.2 - https:\/\/yoast.com\/product\/yoast-seo-wordpress\/ -->\n<title>Theatermusik - Synje Norland<\/title>\n<meta name=\"robots\" content=\"index, follow, max-snippet:-1, max-image-preview:large, max-video-preview:-1\" \/>\n<link rel=\"canonical\" href=\"https:\/\/www.synjenorland.com\/en\/theatermusik\/\" \/>\n<meta property=\"og:locale\" content=\"en_US\" \/>\n<meta property=\"og:type\" content=\"article\" \/>\n<meta property=\"og:title\" content=\"Theatermusik - Synje Norland\" \/>\n<meta property=\"og:url\" content=\"https:\/\/www.synjenorland.com\/en\/theatermusik\/\" \/>\n<meta property=\"og:site_name\" content=\"Synje Norland\" \/>\n<meta property=\"article:publisher\" content=\"https:\/\/www.facebook.com\/synjenorland\/\" \/>\n<meta property=\"article:modified_time\" content=\"2026-04-12T20:22:14+00:00\" \/>\n<meta name=\"twitter:card\" content=\"summary_large_image\" \/>\n<meta name=\"twitter:label1\" content=\"Est. reading time\" \/>\n\t<meta name=\"twitter:data1\" content=\"2 minutes\" \/>\n<script type=\"application\/ld+json\" class=\"yoast-schema-graph\">{\"@context\":\"https:\/\/schema.org\",\"@graph\":[{\"@type\":\"WebPage\",\"@id\":\"https:\/\/www.synjenorland.com\/theatermusik\/\",\"url\":\"https:\/\/www.synjenorland.com\/theatermusik\/\",\"name\":\"Theatermusik - Synje Norland\",\"isPartOf\":{\"@id\":\"https:\/\/www.synjenorland.com\/#website\"},\"datePublished\":\"2026-04-12T20:21:33+00:00\",\"dateModified\":\"2026-04-12T20:22:14+00:00\",\"breadcrumb\":{\"@id\":\"https:\/\/www.synjenorland.com\/theatermusik\/#breadcrumb\"},\"inLanguage\":\"en-US\",\"potentialAction\":[{\"@type\":\"ReadAction\",\"target\":[\"https:\/\/www.synjenorland.com\/theatermusik\/\"]}]},{\"@type\":\"BreadcrumbList\",\"@id\":\"https:\/\/www.synjenorland.com\/theatermusik\/#breadcrumb\",\"itemListElement\":[{\"@type\":\"ListItem\",\"position\":1,\"name\":\"Startseite\",\"item\":\"https:\/\/www.synjenorland.com\/\"},{\"@type\":\"ListItem\",\"position\":2,\"name\":\"Theatermusik\"}]},{\"@type\":\"WebSite\",\"@id\":\"https:\/\/www.synjenorland.com\/#website\",\"url\":\"https:\/\/www.synjenorland.com\/\",\"name\":\"Synje Norland\",\"description\":\"Synje Norland | Singer-Songwriter\",\"publisher\":{\"@id\":\"https:\/\/www.synjenorland.com\/#\/schema\/person\/72dea3a32f919f7dee18d0ddcdab6e26\"},\"potentialAction\":[{\"@type\":\"SearchAction\",\"target\":{\"@type\":\"EntryPoint\",\"urlTemplate\":\"https:\/\/www.synjenorland.com\/?s={search_term_string}\"},\"query-input\":{\"@type\":\"PropertyValueSpecification\",\"valueRequired\":true,\"valueName\":\"search_term_string\"}}],\"inLanguage\":\"en-US\"},{\"@type\":[\"Person\",\"Organization\"],\"@id\":\"https:\/\/www.synjenorland.com\/#\/schema\/person\/72dea3a32f919f7dee18d0ddcdab6e26\",\"name\":\"Synje Norland\",\"image\":{\"@type\":\"ImageObject\",\"inLanguage\":\"en-US\",\"@id\":\"https:\/\/secure.gravatar.com\/avatar\/6adc73af4918bdae4101c4c560261de2b72b75162a7ac281ab65762995a63475?s=96&d=mm&r=g\",\"url\":\"https:\/\/secure.gravatar.com\/avatar\/6adc73af4918bdae4101c4c560261de2b72b75162a7ac281ab65762995a63475?s=96&d=mm&r=g\",\"contentUrl\":\"https:\/\/secure.gravatar.com\/avatar\/6adc73af4918bdae4101c4c560261de2b72b75162a7ac281ab65762995a63475?s=96&d=mm&r=g\",\"caption\":\"Synje Norland\"},\"logo\":{\"@id\":\"https:\/\/secure.gravatar.com\/avatar\/6adc73af4918bdae4101c4c560261de2b72b75162a7ac281ab65762995a63475?s=96&d=mm&r=g\"},\"sameAs\":[\"https:\/\/www.synjenorland.com\",\"https:\/\/www.facebook.com\/synjenorland\/\",\"https:\/\/www.youtube.com\/@norlandmusic\",\"https:\/\/soundcloud.com\/synjenorland\",\"https:\/\/de.wikipedia.org\/wiki\/Synje_Norland\"]}]}<\/script>\n<!-- \/ Yoast SEO plugin. -->","yoast_head_json":{"title":"Theatermusik - Synje Norland","robots":{"index":"index","follow":"follow","max-snippet":"max-snippet:-1","max-image-preview":"max-image-preview:large","max-video-preview":"max-video-preview:-1"},"canonical":"https:\/\/www.synjenorland.com\/en\/theatermusik\/","og_locale":"en_US","og_type":"article","og_title":"Theatermusik - Synje Norland","og_url":"https:\/\/www.synjenorland.com\/en\/theatermusik\/","og_site_name":"Synje Norland","article_publisher":"https:\/\/www.facebook.com\/synjenorland\/","article_modified_time":"2026-04-12T20:22:14+00:00","twitter_card":"summary_large_image","twitter_misc":{"Est. reading time":"2 minutes"},"schema":{"@context":"https:\/\/schema.org","@graph":[{"@type":"WebPage","@id":"https:\/\/www.synjenorland.com\/theatermusik\/","url":"https:\/\/www.synjenorland.com\/theatermusik\/","name":"Theatermusik - Synje Norland","isPartOf":{"@id":"https:\/\/www.synjenorland.com\/#website"},"datePublished":"2026-04-12T20:21:33+00:00","dateModified":"2026-04-12T20:22:14+00:00","breadcrumb":{"@id":"https:\/\/www.synjenorland.com\/theatermusik\/#breadcrumb"},"inLanguage":"en-US","potentialAction":[{"@type":"ReadAction","target":["https:\/\/www.synjenorland.com\/theatermusik\/"]}]},{"@type":"BreadcrumbList","@id":"https:\/\/www.synjenorland.com\/theatermusik\/#breadcrumb","itemListElement":[{"@type":"ListItem","position":1,"name":"Startseite","item":"https:\/\/www.synjenorland.com\/"},{"@type":"ListItem","position":2,"name":"Theatermusik"}]},{"@type":"WebSite","@id":"https:\/\/www.synjenorland.com\/#website","url":"https:\/\/www.synjenorland.com\/","name":"Synje Norland","description":"Synje Norland | Singer-Songwriter","publisher":{"@id":"https:\/\/www.synjenorland.com\/#\/schema\/person\/72dea3a32f919f7dee18d0ddcdab6e26"},"potentialAction":[{"@type":"SearchAction","target":{"@type":"EntryPoint","urlTemplate":"https:\/\/www.synjenorland.com\/?s={search_term_string}"},"query-input":{"@type":"PropertyValueSpecification","valueRequired":true,"valueName":"search_term_string"}}],"inLanguage":"en-US"},{"@type":["Person","Organization"],"@id":"https:\/\/www.synjenorland.com\/#\/schema\/person\/72dea3a32f919f7dee18d0ddcdab6e26","name":"Synje Norland","image":{"@type":"ImageObject","inLanguage":"en-US","@id":"https:\/\/secure.gravatar.com\/avatar\/6adc73af4918bdae4101c4c560261de2b72b75162a7ac281ab65762995a63475?s=96&d=mm&r=g","url":"https:\/\/secure.gravatar.com\/avatar\/6adc73af4918bdae4101c4c560261de2b72b75162a7ac281ab65762995a63475?s=96&d=mm&r=g","contentUrl":"https:\/\/secure.gravatar.com\/avatar\/6adc73af4918bdae4101c4c560261de2b72b75162a7ac281ab65762995a63475?s=96&d=mm&r=g","caption":"Synje Norland"},"logo":{"@id":"https:\/\/secure.gravatar.com\/avatar\/6adc73af4918bdae4101c4c560261de2b72b75162a7ac281ab65762995a63475?s=96&d=mm&r=g"},"sameAs":["https:\/\/www.synjenorland.com","https:\/\/www.facebook.com\/synjenorland\/","https:\/\/www.youtube.com\/@norlandmusic","https:\/\/soundcloud.com\/synjenorland","https:\/\/de.wikipedia.org\/wiki\/Synje_Norland"]}]}},"_links":{"self":[{"href":"https:\/\/www.synjenorland.com\/en\/wp-json\/wp\/v2\/pages\/4260","targetHints":{"allow":["GET"]}}],"collection":[{"href":"https:\/\/www.synjenorland.com\/en\/wp-json\/wp\/v2\/pages"}],"about":[{"href":"https:\/\/www.synjenorland.com\/en\/wp-json\/wp\/v2\/types\/page"}],"author":[{"embeddable":true,"href":"https:\/\/www.synjenorland.com\/en\/wp-json\/wp\/v2\/users\/1"}],"replies":[{"embeddable":true,"href":"https:\/\/www.synjenorland.com\/en\/wp-json\/wp\/v2\/comments?post=4260"}],"version-history":[{"count":9,"href":"https:\/\/www.synjenorland.com\/en\/wp-json\/wp\/v2\/pages\/4260\/revisions"}],"predecessor-version":[{"id":4281,"href":"https:\/\/www.synjenorland.com\/en\/wp-json\/wp\/v2\/pages\/4260\/revisions\/4281"}],"wp:attachment":[{"href":"https:\/\/www.synjenorland.com\/en\/wp-json\/wp\/v2\/media?parent=4260"}],"curies":[{"name":"wp","href":"https:\/\/api.w.org\/{rel}","templated":true}]}}