{"id":3806,"date":"2025-03-17T16:17:27","date_gmt":"2025-03-17T15:17:27","guid":{"rendered":"https:\/\/www.synjenorland.com\/?post_type=product&#038;p=3806"},"modified":"2026-04-21T17:21:07","modified_gmt":"2026-04-21T15:21:07","slug":"wunderland-das-album-jetzt-vorbestellen","status":"publish","type":"product","link":"https:\/\/www.synjenorland.com\/en\/product\/wunderland-das-album-jetzt-vorbestellen\/","title":{"rendered":"Wunderland &#8211; Das Album"},"content":{"rendered":"<p>Den meisten d\u00fcrfte die S\u00e4ngerin und Songschreiberin Synje Norland durch ihre atmosph\u00e4rischen, englischsprachigen Songs ein Begriff sein. In ihrem ersten deutschsprachigen Projekt widmet sich die vielseitige K\u00fcnstlerin nun den Gedichten Theodor Storms und \u00fcbersetzt seine poetischen Wort-Landschaften in Liedperlen, die sowohl die Weite als auch die Melancholie der gemeinsamen Heimat atmen.<\/p>\n<p>Mit zarten und zugleich kraftvollen Farben schafft Synje Norland klangvolle Gem\u00e4lde, die uns mit auf eine Zeitreise nehmen und Storms Lyrik in den Kontext der Jetzt-Zeit stellen. Gekonnt l\u00e4sst die Komponistin und Liedtexterin die Grenzen zwischen Originalwerk und eigener Poesie verschwimmen und schafft so Interpretationen, die nicht nur die Vergangenheit sondern auch die Gegenwart erz\u00e4hlen.<\/p>\n<p>Dabei wird vor allem die Frage nach der inneren Heimat laut, die vor dem Hintergrund deutsch\/d\u00e4nischer Geschichte und Theodor Storms Leben im Exil, auch bei Synje Norland immer wieder ihren Ausdruck findet.<\/p>","protected":false},"excerpt":{"rendered":"<p><audio class=\"wp-audio-shortcode\" id=\"audio-3806-1\" preload=\"none\" style=\"width: 100%;\" controls=\"controls\"><source type=\"audio\/mpeg\" src=\"https:\/\/www.synjenorland.com\/wp-content\/uploads\/2025\/03\/PromotrackWunderland_Neu.mp3?_=1\" \/><a href=\"https:\/\/www.synjenorland.com\/wp-content\/uploads\/2025\/03\/PromotrackWunderland_Neu.mp3\">https:\/\/www.synjenorland.com\/wp-content\/uploads\/2025\/03\/PromotrackWunderland_Neu.mp3<\/a><\/audio><\/p>\n<p>Synje Norland singt Theodor Storm Wunderland<\/p>\n<p>&nbsp;<\/p>","protected":false},"featured_media":3759,"template":"","meta":[],"product_brand":[],"product_cat":[66],"product_tag":[216,215,214,264,263],"class_list":{"0":"post-3806","1":"product","2":"type-product","3":"status-publish","4":"has-post-thumbnail","6":"product_cat-album","7":"product_tag-album","8":"product_tag-music","9":"product_tag-musik","10":"product_tag-theodor-storm","11":"product_tag-wunderland","13":"first","14":"instock","15":"shipping-taxable","16":"purchasable","17":"product-type-simple"},"yoast_head":"<!-- This site is optimized with the Yoast SEO plugin v27.4 - https:\/\/yoast.com\/product\/yoast-seo-wordpress\/ -->\n<title>Wunderland - Das Album - Synje Norland<\/title>\n<meta name=\"description\" content=\"Who Says I Can&#039;t (Album). Jetzt das physische Album im Onlineshop bestellen und gratis Download Link erhalten. Auf Wunsch auch mit pers\u00f6nlicher Widmung.\" \/>\n<meta name=\"robots\" content=\"index, follow, max-snippet:-1, max-image-preview:large, max-video-preview:-1\" \/>\n<link rel=\"canonical\" href=\"https:\/\/www.synjenorland.com\/en\/product\/wunderland-das-album-jetzt-vorbestellen\/\" \/>\n<meta property=\"og:locale\" content=\"en_US\" \/>\n<meta property=\"og:type\" content=\"article\" \/>\n<meta property=\"og:title\" content=\"Wunderland - Das Album - Synje Norland\" \/>\n<meta property=\"og:description\" content=\"Who Says I Can&#039;t (Album). Jetzt das physische Album im Onlineshop bestellen und gratis Download Link erhalten. Auf Wunsch auch mit pers\u00f6nlicher Widmung.\" \/>\n<meta property=\"og:url\" content=\"https:\/\/www.synjenorland.com\/en\/product\/wunderland-das-album-jetzt-vorbestellen\/\" \/>\n<meta property=\"og:site_name\" content=\"Synje Norland\" \/>\n<meta property=\"article:publisher\" content=\"https:\/\/www.facebook.com\/synjenorland\/\" \/>\n<meta property=\"article:modified_time\" content=\"2026-04-21T15:21:07+00:00\" \/>\n<meta property=\"og:image\" content=\"https:\/\/www.synjenorland.com\/wp-content\/uploads\/2025\/02\/Wunderland_Album_Quadratisch-768x768.jpg\" \/>\n\t<meta property=\"og:image:width\" content=\"768\" \/>\n\t<meta property=\"og:image:height\" content=\"768\" \/>\n\t<meta property=\"og:image:type\" content=\"image\/jpeg\" \/>\n<meta name=\"twitter:card\" content=\"summary_large_image\" \/>\n<meta name=\"twitter:label1\" content=\"Est. reading time\" \/>\n\t<meta name=\"twitter:data1\" content=\"1 minute\" \/>\n<script type=\"application\/ld+json\" class=\"yoast-schema-graph\">{\"@context\":\"https:\\\/\\\/schema.org\",\"@graph\":[{\"@type\":\"WebPage\",\"@id\":\"https:\\\/\\\/www.synjenorland.com\\\/produkt\\\/wunderland-das-album-jetzt-vorbestellen\\\/\",\"url\":\"https:\\\/\\\/www.synjenorland.com\\\/produkt\\\/wunderland-das-album-jetzt-vorbestellen\\\/\",\"name\":\"Wunderland - Das Album - Synje Norland\",\"isPartOf\":{\"@id\":\"https:\\\/\\\/www.synjenorland.com\\\/#website\"},\"primaryImageOfPage\":{\"@id\":\"https:\\\/\\\/www.synjenorland.com\\\/produkt\\\/wunderland-das-album-jetzt-vorbestellen\\\/#primaryimage\"},\"image\":{\"@id\":\"https:\\\/\\\/www.synjenorland.com\\\/produkt\\\/wunderland-das-album-jetzt-vorbestellen\\\/#primaryimage\"},\"thumbnailUrl\":\"https:\\\/\\\/www.synjenorland.com\\\/wp-content\\\/uploads\\\/2025\\\/02\\\/Wunderland_Album_Quadratisch.jpg\",\"datePublished\":\"2025-03-17T15:17:27+00:00\",\"dateModified\":\"2026-04-21T15:21:07+00:00\",\"description\":\"Who Says I Can't (Album). Jetzt das physische Album im Onlineshop bestellen und gratis Download Link erhalten. Auf Wunsch auch mit pers\u00f6nlicher Widmung.\",\"breadcrumb\":{\"@id\":\"https:\\\/\\\/www.synjenorland.com\\\/produkt\\\/wunderland-das-album-jetzt-vorbestellen\\\/#breadcrumb\"},\"inLanguage\":\"en-US\",\"potentialAction\":[{\"@type\":\"ReadAction\",\"target\":[\"https:\\\/\\\/www.synjenorland.com\\\/produkt\\\/wunderland-das-album-jetzt-vorbestellen\\\/\"]}]},{\"@type\":\"ImageObject\",\"inLanguage\":\"en-US\",\"@id\":\"https:\\\/\\\/www.synjenorland.com\\\/produkt\\\/wunderland-das-album-jetzt-vorbestellen\\\/#primaryimage\",\"url\":\"https:\\\/\\\/www.synjenorland.com\\\/wp-content\\\/uploads\\\/2025\\\/02\\\/Wunderland_Album_Quadratisch.jpg\",\"contentUrl\":\"https:\\\/\\\/www.synjenorland.com\\\/wp-content\\\/uploads\\\/2025\\\/02\\\/Wunderland_Album_Quadratisch.jpg\",\"width\":1500,\"height\":1500},{\"@type\":\"BreadcrumbList\",\"@id\":\"https:\\\/\\\/www.synjenorland.com\\\/produkt\\\/wunderland-das-album-jetzt-vorbestellen\\\/#breadcrumb\",\"itemListElement\":[{\"@type\":\"ListItem\",\"position\":1,\"name\":\"Startseite\",\"item\":\"https:\\\/\\\/www.synjenorland.com\\\/\"},{\"@type\":\"ListItem\",\"position\":2,\"name\":\"Shop\",\"item\":\"https:\\\/\\\/www.synjenorland.com\\\/shop\\\/\"},{\"@type\":\"ListItem\",\"position\":3,\"name\":\"Wunderland &#8211; Das Album\"}]},{\"@type\":\"WebSite\",\"@id\":\"https:\\\/\\\/www.synjenorland.com\\\/#website\",\"url\":\"https:\\\/\\\/www.synjenorland.com\\\/\",\"name\":\"Synje Norland\",\"description\":\"Synje Norland | Singer-Songwriter\",\"publisher\":{\"@id\":\"https:\\\/\\\/www.synjenorland.com\\\/#\\\/schema\\\/person\\\/72dea3a32f919f7dee18d0ddcdab6e26\"},\"potentialAction\":[{\"@type\":\"SearchAction\",\"target\":{\"@type\":\"EntryPoint\",\"urlTemplate\":\"https:\\\/\\\/www.synjenorland.com\\\/?s={search_term_string}\"},\"query-input\":{\"@type\":\"PropertyValueSpecification\",\"valueRequired\":true,\"valueName\":\"search_term_string\"}}],\"inLanguage\":\"en-US\"},{\"@type\":[\"Person\",\"Organization\"],\"@id\":\"https:\\\/\\\/www.synjenorland.com\\\/#\\\/schema\\\/person\\\/72dea3a32f919f7dee18d0ddcdab6e26\",\"name\":\"Synje Norland\",\"image\":{\"@type\":\"ImageObject\",\"inLanguage\":\"en-US\",\"@id\":\"https:\\\/\\\/secure.gravatar.com\\\/avatar\\\/6adc73af4918bdae4101c4c560261de2b72b75162a7ac281ab65762995a63475?s=96&d=mm&r=g\",\"url\":\"https:\\\/\\\/secure.gravatar.com\\\/avatar\\\/6adc73af4918bdae4101c4c560261de2b72b75162a7ac281ab65762995a63475?s=96&d=mm&r=g\",\"contentUrl\":\"https:\\\/\\\/secure.gravatar.com\\\/avatar\\\/6adc73af4918bdae4101c4c560261de2b72b75162a7ac281ab65762995a63475?s=96&d=mm&r=g\",\"caption\":\"Synje Norland\"},\"logo\":{\"@id\":\"https:\\\/\\\/secure.gravatar.com\\\/avatar\\\/6adc73af4918bdae4101c4c560261de2b72b75162a7ac281ab65762995a63475?s=96&d=mm&r=g\"},\"sameAs\":[\"https:\\\/\\\/www.synjenorland.com\",\"https:\\\/\\\/www.facebook.com\\\/synjenorland\\\/\",\"https:\\\/\\\/www.youtube.com\\\/@norlandmusic\",\"https:\\\/\\\/soundcloud.com\\\/synjenorland\",\"https:\\\/\\\/de.wikipedia.org\\\/wiki\\\/Synje_Norland\"]}]}<\/script>\n<!-- \/ Yoast SEO plugin. -->","yoast_head_json":{"title":"Wunderland - Das Album - Synje Norland","description":"Who Says I Can't (Album). Jetzt das physische Album im Onlineshop bestellen und gratis Download Link erhalten. Auf Wunsch auch mit pers\u00f6nlicher Widmung.","robots":{"index":"index","follow":"follow","max-snippet":"max-snippet:-1","max-image-preview":"max-image-preview:large","max-video-preview":"max-video-preview:-1"},"canonical":"https:\/\/www.synjenorland.com\/en\/product\/wunderland-das-album-jetzt-vorbestellen\/","og_locale":"en_US","og_type":"article","og_title":"Wunderland - Das Album - Synje Norland","og_description":"Who Says I Can't (Album). Jetzt das physische Album im Onlineshop bestellen und gratis Download Link erhalten. Auf Wunsch auch mit pers\u00f6nlicher Widmung.","og_url":"https:\/\/www.synjenorland.com\/en\/product\/wunderland-das-album-jetzt-vorbestellen\/","og_site_name":"Synje Norland","article_publisher":"https:\/\/www.facebook.com\/synjenorland\/","article_modified_time":"2026-04-21T15:21:07+00:00","og_image":[{"width":768,"height":768,"url":"https:\/\/www.synjenorland.com\/wp-content\/uploads\/2025\/02\/Wunderland_Album_Quadratisch-768x768.jpg","type":"image\/jpeg"}],"twitter_card":"summary_large_image","twitter_misc":{"Est. reading time":"1 minute"},"schema":{"@context":"https:\/\/schema.org","@graph":[{"@type":"WebPage","@id":"https:\/\/www.synjenorland.com\/produkt\/wunderland-das-album-jetzt-vorbestellen\/","url":"https:\/\/www.synjenorland.com\/produkt\/wunderland-das-album-jetzt-vorbestellen\/","name":"Wunderland - Das Album - Synje Norland","isPartOf":{"@id":"https:\/\/www.synjenorland.com\/#website"},"primaryImageOfPage":{"@id":"https:\/\/www.synjenorland.com\/produkt\/wunderland-das-album-jetzt-vorbestellen\/#primaryimage"},"image":{"@id":"https:\/\/www.synjenorland.com\/produkt\/wunderland-das-album-jetzt-vorbestellen\/#primaryimage"},"thumbnailUrl":"https:\/\/www.synjenorland.com\/wp-content\/uploads\/2025\/02\/Wunderland_Album_Quadratisch.jpg","datePublished":"2025-03-17T15:17:27+00:00","dateModified":"2026-04-21T15:21:07+00:00","description":"Who Says I Can't (Album). Jetzt das physische Album im Onlineshop bestellen und gratis Download Link erhalten. Auf Wunsch auch mit pers\u00f6nlicher Widmung.","breadcrumb":{"@id":"https:\/\/www.synjenorland.com\/produkt\/wunderland-das-album-jetzt-vorbestellen\/#breadcrumb"},"inLanguage":"en-US","potentialAction":[{"@type":"ReadAction","target":["https:\/\/www.synjenorland.com\/produkt\/wunderland-das-album-jetzt-vorbestellen\/"]}]},{"@type":"ImageObject","inLanguage":"en-US","@id":"https:\/\/www.synjenorland.com\/produkt\/wunderland-das-album-jetzt-vorbestellen\/#primaryimage","url":"https:\/\/www.synjenorland.com\/wp-content\/uploads\/2025\/02\/Wunderland_Album_Quadratisch.jpg","contentUrl":"https:\/\/www.synjenorland.com\/wp-content\/uploads\/2025\/02\/Wunderland_Album_Quadratisch.jpg","width":1500,"height":1500},{"@type":"BreadcrumbList","@id":"https:\/\/www.synjenorland.com\/produkt\/wunderland-das-album-jetzt-vorbestellen\/#breadcrumb","itemListElement":[{"@type":"ListItem","position":1,"name":"Startseite","item":"https:\/\/www.synjenorland.com\/"},{"@type":"ListItem","position":2,"name":"Shop","item":"https:\/\/www.synjenorland.com\/shop\/"},{"@type":"ListItem","position":3,"name":"Wunderland &#8211; Das Album"}]},{"@type":"WebSite","@id":"https:\/\/www.synjenorland.com\/#website","url":"https:\/\/www.synjenorland.com\/","name":"Synje Norland","description":"Synje Norland | Singer-Songwriter","publisher":{"@id":"https:\/\/www.synjenorland.com\/#\/schema\/person\/72dea3a32f919f7dee18d0ddcdab6e26"},"potentialAction":[{"@type":"SearchAction","target":{"@type":"EntryPoint","urlTemplate":"https:\/\/www.synjenorland.com\/?s={search_term_string}"},"query-input":{"@type":"PropertyValueSpecification","valueRequired":true,"valueName":"search_term_string"}}],"inLanguage":"en-US"},{"@type":["Person","Organization"],"@id":"https:\/\/www.synjenorland.com\/#\/schema\/person\/72dea3a32f919f7dee18d0ddcdab6e26","name":"Synje Norland","image":{"@type":"ImageObject","inLanguage":"en-US","@id":"https:\/\/secure.gravatar.com\/avatar\/6adc73af4918bdae4101c4c560261de2b72b75162a7ac281ab65762995a63475?s=96&d=mm&r=g","url":"https:\/\/secure.gravatar.com\/avatar\/6adc73af4918bdae4101c4c560261de2b72b75162a7ac281ab65762995a63475?s=96&d=mm&r=g","contentUrl":"https:\/\/secure.gravatar.com\/avatar\/6adc73af4918bdae4101c4c560261de2b72b75162a7ac281ab65762995a63475?s=96&d=mm&r=g","caption":"Synje Norland"},"logo":{"@id":"https:\/\/secure.gravatar.com\/avatar\/6adc73af4918bdae4101c4c560261de2b72b75162a7ac281ab65762995a63475?s=96&d=mm&r=g"},"sameAs":["https:\/\/www.synjenorland.com","https:\/\/www.facebook.com\/synjenorland\/","https:\/\/www.youtube.com\/@norlandmusic","https:\/\/soundcloud.com\/synjenorland","https:\/\/de.wikipedia.org\/wiki\/Synje_Norland"]}]}},"_links":{"self":[{"href":"https:\/\/www.synjenorland.com\/en\/wp-json\/wp\/v2\/product\/3806","targetHints":{"allow":["GET"]}}],"collection":[{"href":"https:\/\/www.synjenorland.com\/en\/wp-json\/wp\/v2\/product"}],"about":[{"href":"https:\/\/www.synjenorland.com\/en\/wp-json\/wp\/v2\/types\/product"}],"wp:featuredmedia":[{"embeddable":true,"href":"https:\/\/www.synjenorland.com\/en\/wp-json\/wp\/v2\/media\/3759"}],"wp:attachment":[{"href":"https:\/\/www.synjenorland.com\/en\/wp-json\/wp\/v2\/media?parent=3806"}],"wp:term":[{"taxonomy":"product_brand","embeddable":true,"href":"https:\/\/www.synjenorland.com\/en\/wp-json\/wp\/v2\/product_brand?post=3806"},{"taxonomy":"product_cat","embeddable":true,"href":"https:\/\/www.synjenorland.com\/en\/wp-json\/wp\/v2\/product_cat?post=3806"},{"taxonomy":"product_tag","embeddable":true,"href":"https:\/\/www.synjenorland.com\/en\/wp-json\/wp\/v2\/product_tag?post=3806"}],"curies":[{"name":"wp","href":"https:\/\/api.w.org\/{rel}","templated":true}]}}